{"id":2688,"date":"2025-05-15T16:28:15","date_gmt":"2025-05-15T20:28:15","guid":{"rendered":"https:\/\/sette.com\/?page_id=2688"},"modified":"2025-08-18T15:47:33","modified_gmt":"2025-08-18T19:47:33","slug":"plan-accessibilite","status":"publish","type":"page","link":"https:\/\/sette.com\/fr\/plan-accessibilite\/","title":{"rendered":"Accessibilit\u00e9"},"content":{"rendered":"\n<style type=\"text\/css\" data-created_by=\"avia_inline_auto\" id=\"style-css-av-2pxfnk-c4543286cf95cd2861023dec3d1bfae5\">\n.avia-section.av-2pxfnk-c4543286cf95cd2861023dec3d1bfae5 .av-parallax .av-parallax-inner{\nbackground-repeat:no-repeat;\nbackground-image:url(https:\/\/sette.com\/wp-content\/uploads\/2021\/02\/Apropos.jpg);\nbackground-position:50% 100%;\nbackground-attachment:scroll;\n}\n.avia-section.av-2pxfnk-c4543286cf95cd2861023dec3d1bfae5 .av-section-color-overlay{\nopacity:0.2;\nbackground-color:#000000;\n}\n<\/style>\n<div id='av_section_1'  class='avia-section av-2pxfnk-c4543286cf95cd2861023dec3d1bfae5 main_color avia-section-default avia-no-border-styling  avia-builder-el-0  el_before_av_one_full  avia-builder-el-first  av-parallax-section avia-bg-style-parallax av-section-color-overlay-active av-minimum-height av-minimum-height-custom av-height-custom  container_wrap sidebar_right'  data-section-bg-repeat='no-repeat' data-av_minimum_height_px='400'><div class='av-parallax' data-avia-parallax-ratio='0.3' ><div class='av-parallax-inner main_color avia-full-stretch'><\/div><\/div><div class=\"av-section-color-overlay-wrap\"><div class=\"av-section-color-overlay\"><\/div><div class='container av-section-cont-open' style='height:400px'><main  role=\"main\" itemprop=\"mainContentOfPage\"  class='template-page content  av-content-small alpha units'><div class='post-entry post-entry-type-page post-entry-2688'><div class='entry-content-wrapper clearfix'>\n\n<style type=\"text\/css\" data-created_by=\"avia_inline_auto\" id=\"style-css-av-mamtjgsh-3c1fd6c7f16100a83c220629c8881715\">\n#top .av_textblock_section.av-mamtjgsh-3c1fd6c7f16100a83c220629c8881715 .avia_textblock{\ncolor:#ccee09;\n}\n<\/style>\n<section  class='av_textblock_section av-mamtjgsh-3c1fd6c7f16100a83c220629c8881715 '   itemscope=\"itemscope\" itemtype=\"https:\/\/schema.org\/CreativeWork\" ><div class='avia_textblock av_inherit_color'  itemprop=\"text\" ><h1 style=\"text-align: center;\">ACCESSIBILIT\u00c9<\/h1>\n<\/div><\/section>\n<\/div><\/div><\/main><!-- close content main element --><\/div><\/div><\/div><div id='after_section_1'  class='main_color av_default_container_wrap container_wrap sidebar_right'  ><div class='container av-section-cont-open' ><div class='template-page content  av-content-small alpha units'><div class='post-entry post-entry-type-page post-entry-2688'><div class='entry-content-wrapper clearfix'>\n\n<style type=\"text\/css\" data-created_by=\"avia_inline_auto\" id=\"style-css-av-2t616o-329e0851e63b359672f9560e0893e50f\">\n.flex_column.av-2t616o-329e0851e63b359672f9560e0893e50f{\nborder-radius:0px 0px 0px 0px;\npadding:0px 0px 0px 0px;\n}\n<\/style>\n<div  class='flex_column av-2t616o-329e0851e63b359672f9560e0893e50f av_one_full  avia-builder-el-2  el_after_av_section  el_before_av_one_full  avia-builder-el-first  first flex_column_div av-zero-column-padding  '     ><style type=\"text\/css\" data-created_by=\"avia_inline_auto\" id=\"style-css-av-mapssze0-b33af17a6ea2f45cb9df29c65a1458a3\">\n#top .av_textblock_section.av-mapssze0-b33af17a6ea2f45cb9df29c65a1458a3 .avia_textblock{\nfont-size:18px;\ncolor:#0a0a0a;\n}\n<\/style>\n<section  class='av_textblock_section av-mapssze0-b33af17a6ea2f45cb9df29c65a1458a3 '   itemscope=\"itemscope\" itemtype=\"https:\/\/schema.org\/CreativeWork\" ><div class='avia_textblock av_inherit_color'  itemprop=\"text\" ><h3>Plan d&rsquo;accessibilit\u00e9<\/h3>\n<p style=\"text-align: left;\">Afin de s\u2019assurer que l\u2019ensemble de sa client\u00e8le b\u00e9n\u00e9ficie de la m\u00eame qualit\u00e9 de service, SETTE d\u00e9sire r\u00e9pondre aux besoins sp\u00e9cifiques des personnes vivant avec des limitations fonctionnelles. Vous trouverez notre plan sur l&rsquo;accessibilit\u00e9 ici:<\/p>\n<p style=\"text-align: left;\"><a href=\"https:\/\/sette.com\/wp-content\/uploads\/2025\/08\/PlanAccessibilite_2025.pdf\">Plan d&rsquo;accessibilit\u00e9<\/a><\/p>\n<\/div><\/section><\/div>\n<style type=\"text\/css\" data-created_by=\"avia_inline_auto\" id=\"style-css-av-94c6rk-c9b3858de657a20e67878ee1d0fa7fd2\">\n.flex_column.av-94c6rk-c9b3858de657a20e67878ee1d0fa7fd2{\nborder-radius:0px 0px 0px 0px;\npadding:0px 0px 0px 0px;\n}\n<\/style>\n<div  class='flex_column av-94c6rk-c9b3858de657a20e67878ee1d0fa7fd2 av_one_full  avia-builder-el-4  el_after_av_one_full  avia-builder-el-last  first flex_column_div av-zero-column-padding  column-top-margin'     ><form action=\"https:\/\/sette.com\/fr\/plan-accessibilite\/\" method=\"post\" data-fields-with-error=\"Erreurs trouv\u00e9es dans les champs suivants :\" class=\"avia_ajax_form av-form-labels-visible   avia-builder-el-5  avia-builder-el-no-sibling   \" data-avia-form-id=\"1\" data-avia-redirect='' ><h3 class=''>Commentaires sur l\u2019accessibilit\u00e9<\/h3><fieldset><p class='  first_form  form_element form_fullwidth' id='element_avia_1_1'><label for=\"avia_1_1\">Nom <abbr class=\"required\" title=\"requis(e)\">*<\/abbr><\/label> <input name=\"avia_1_1\" class=\"text_input is_empty\" type=\"text\" id=\"avia_1_1\" value=\"\" \/><\/p><p class='  first_form  form_element form_fullwidth' id='element_avia_2_1'><label for=\"avia_2_1\">Adresse mail <abbr class=\"required\" title=\"requis(e)\">*<\/abbr><\/label> <input name=\"avia_2_1\" class=\"text_input is_email\" type=\"text\" id=\"avia_2_1\" value=\"\" \/><\/p><p class='  first_form  form_element form_fullwidth' id='element_avia_3_1'><label for=\"avia_3_1\">Sujet <abbr class=\"required\" title=\"requis(e)\">*<\/abbr><\/label> <input name=\"avia_3_1\" class=\"text_input is_empty\" type=\"text\" id=\"avia_3_1\" value=\"\" \/><\/p><p class='  first_form  form_element form_fullwidth av-last-visible-form-element' id='element_avia_4_1'><label for=\"avia_4_1\" class=\"textare_label hidden textare_label_avia_4_1\">Message <abbr class=\"required\" title=\"requis(e)\">*<\/abbr><\/label><textarea  name=\"avia_4_1\" class=\"text_area is_empty\" cols=\"40\" rows=\"7\" id=\"avia_4_1\" ><\/textarea><\/p><p class=\"hidden\"><input type=\"text\" name=\"avia_5_1\" class=\"hidden \" id=\"avia_5_1\" value=\"\" \/><\/p><p class=\"form_element \"><input type=\"hidden\" value=\"1\" name=\"avia_generated_form1\" \/><input type=\"submit\" value=\"Valider\" class=\"button\"  data-sending-label=\"Envoi\"\/><\/p><\/fieldset><\/form><div id=\"ajaxresponse_1\" class=\"ajaxresponse ajaxresponse_1 hidden\"><\/div><\/div><\/p>\n","protected":false},"excerpt":{"rendered":"","protected":false},"author":1,"featured_media":0,"parent":0,"menu_order":0,"comment_status":"closed","ping_status":"closed","template":"","meta":{"inline_featured_image":false,"footnotes":""},"class_list":["post-2688","page","type-page","status-publish","hentry"],"_links":{"self":[{"href":"https:\/\/sette.com\/fr\/wp-json\/wp\/v2\/pages\/2688","targetHints":{"allow":["GET"]}}],"collection":[{"href":"https:\/\/sette.com\/fr\/wp-json\/wp\/v2\/pages"}],"about":[{"href":"https:\/\/sette.com\/fr\/wp-json\/wp\/v2\/types\/page"}],"author":[{"embeddable":true,"href":"https:\/\/sette.com\/fr\/wp-json\/wp\/v2\/users\/1"}],"replies":[{"embeddable":true,"href":"https:\/\/sette.com\/fr\/wp-json\/wp\/v2\/comments?post=2688"}],"version-history":[{"count":18,"href":"https:\/\/sette.com\/fr\/wp-json\/wp\/v2\/pages\/2688\/revisions"}],"predecessor-version":[{"id":2735,"href":"https:\/\/sette.com\/fr\/wp-json\/wp\/v2\/pages\/2688\/revisions\/2735"}],"wp:attachment":[{"href":"https:\/\/sette.com\/fr\/wp-json\/wp\/v2\/media?parent=2688"}],"curies":[{"name":"wp","href":"https:\/\/api.w.org\/{rel}","templated":true}]}}