{"id":557,"date":"2020-09-21T18:02:32","date_gmt":"2020-09-21T18:02:32","guid":{"rendered":"https:\/\/sette.com\/?page_id=557"},"modified":"2023-07-04T14:46:48","modified_gmt":"2023-07-04T18:46:48","slug":"qui-sommes-nous","status":"publish","type":"page","link":"https:\/\/sette.com\/fr\/qui-sommes-nous\/","title":{"rendered":"Qui sommes-nous?"},"content":{"rendered":"\n<style type=\"text\/css\" data-created_by=\"avia_inline_auto\" id=\"style-css-av-kaxzb9up-954f536563b6e8692e4d9eb3eaa0139f\">\n.avia-section.av-kaxzb9up-954f536563b6e8692e4d9eb3eaa0139f .av-parallax .av-parallax-inner{\nbackground-repeat:no-repeat;\nbackground-image:url(https:\/\/sette.com\/wp-content\/uploads\/2021\/02\/Apropos.jpg);\nbackground-position:50% 100%;\nbackground-attachment:scroll;\n}\n.avia-section.av-kaxzb9up-954f536563b6e8692e4d9eb3eaa0139f .av-section-color-overlay{\nopacity:0.2;\nbackground-color:#000000;\n}\n<\/style>\n<div id='av_section_1'  class='avia-section av-kaxzb9up-954f536563b6e8692e4d9eb3eaa0139f main_color avia-section-default avia-no-border-styling  avia-builder-el-0  el_before_av_textblock  avia-builder-el-first  av-parallax-section avia-bg-style-parallax av-section-color-overlay-active av-minimum-height av-minimum-height-custom av-height-custom  container_wrap sidebar_right'  data-section-bg-repeat='no-repeat' data-av_minimum_height_px='400'><div class='av-parallax' data-avia-parallax-ratio='0.3' ><div class='av-parallax-inner main_color avia-full-stretch'><\/div><\/div><div class=\"av-section-color-overlay-wrap\"><div class=\"av-section-color-overlay\"><\/div><div class='container av-section-cont-open' style='height:400px'><main  role=\"main\" itemprop=\"mainContentOfPage\"  class='template-page content  av-content-small alpha units'><div class='post-entry post-entry-type-page post-entry-557'><div class='entry-content-wrapper clearfix'>\n\n<style type=\"text\/css\" data-created_by=\"avia_inline_auto\" id=\"style-css-av-kevqbmoh-328d7c851e01893a3d4ff86daef3fbf2\">\n#top .av_textblock_section.av-kevqbmoh-328d7c851e01893a3d4ff86daef3fbf2 .avia_textblock{\ncolor:#ccee09;\n}\n<\/style>\n<section  class='av_textblock_section av-kevqbmoh-328d7c851e01893a3d4ff86daef3fbf2 '   itemscope=\"itemscope\" itemtype=\"https:\/\/schema.org\/CreativeWork\" ><div class='avia_textblock av_inherit_color'  itemprop=\"text\" ><h1 style=\"text-align: center;\">QUI SOMMES-NOUS?<\/h1>\n<\/div><\/section>\n\n<style type=\"text\/css\" data-created_by=\"avia_inline_auto\" id=\"style-css-av-kevqckyi-063869bedbf45d89cafe7a698d9410f1\">\n#top .av_textblock_section.av-kevqckyi-063869bedbf45d89cafe7a698d9410f1 .avia_textblock{\nfont-size:18px;\ncolor:#ffffff;\n}\n<\/style>\n<section  class='av_textblock_section av-kevqckyi-063869bedbf45d89cafe7a698d9410f1 '   itemscope=\"itemscope\" itemtype=\"https:\/\/schema.org\/CreativeWork\" ><div class='avia_textblock av_inherit_color'  itemprop=\"text\" ><p style=\"text-align: center;\">Nous \u0153uvrons \u00e0 la mise en ondes de cha\u00eenes et \u00e0 la gestion d&rsquo;actifs multim\u00e9dias tout en offrant une gamme de services comme la localisation, l&rsquo;accessibilit\u00e9 m\u00e9dia, la distribution num\u00e9rique et la gestion de m\u00e9tadonn\u00e9es.<\/p>\n<\/div><\/section>\n<\/div><\/div><\/main><!-- close content main element --><\/div><\/div><\/div><div id='after_section_1'  class='main_color av_default_container_wrap container_wrap sidebar_right'  ><div class='container av-section-cont-open' ><div class='template-page content  av-content-small alpha units'><div class='post-entry post-entry-type-page post-entry-557'><div class='entry-content-wrapper clearfix'>\n\n<style type=\"text\/css\" data-created_by=\"avia_inline_auto\" id=\"style-css-av-kevqbmoh-d9a05a4ab48ce67b552a7dbee9da5d98\">\n#top .av_textblock_section.av-kevqbmoh-d9a05a4ab48ce67b552a7dbee9da5d98 .avia_textblock{\ncolor:#000000;\n}\n<\/style>\n<section  class='av_textblock_section av-kevqbmoh-d9a05a4ab48ce67b552a7dbee9da5d98 '   itemscope=\"itemscope\" itemtype=\"https:\/\/schema.org\/CreativeWork\" ><div class='avia_textblock av_inherit_color'  itemprop=\"text\" ><h1 style=\"text-align: center;\">LA STABILIT\u00c9 DANS UN MARCH\u00c9 EN PERP\u00c9TUEL CHANGEMENT<\/h1>\n<\/div><\/section>\n\n<style type=\"text\/css\" data-created_by=\"avia_inline_auto\" id=\"style-css-av-kevqckyi-8d77b0cb0dfd87c059ff5152eec65717\">\n#top .av_textblock_section.av-kevqckyi-8d77b0cb0dfd87c059ff5152eec65717 .avia_textblock{\nfont-size:18px;\ncolor:#000000;\n}\n<\/style>\n<section  class='av_textblock_section av-kevqckyi-8d77b0cb0dfd87c059ff5152eec65717 '   itemscope=\"itemscope\" itemtype=\"https:\/\/schema.org\/CreativeWork\" ><div class='avia_textblock av_inherit_color'  itemprop=\"text\" ><p style=\"text-align: center;\">Depuis plus de 40 ans, SETTE \u00e9volue aux c\u00f4t\u00e9s de ses clients dans un univers m\u00e9diatique en constante transformation. Au fil des ans, SETTE a toujours travaill\u00e9 \u00e0 \u00eatre plus qu&rsquo;une simple maison de services, s&rsquo;engageant \u00e0 \u00eatre un collaborateur fiable, respectueux et innovateur qui offre toujours des solutions pertinentes aux besoins du moment.<\/p>\n<\/div><\/section>\n\n<style type=\"text\/css\" data-created_by=\"avia_inline_auto\" id=\"style-css-av-q0wu8-2a6dec863c3c05d0db1b4d9a377cdf20\">\n.flex_column.av-q0wu8-2a6dec863c3c05d0db1b4d9a377cdf20{\nborder-radius:0px 0px 0px 0px;\npadding:0px 0px 0px 0px;\n}\n<\/style>\n<div  class='flex_column av-q0wu8-2a6dec863c3c05d0db1b4d9a377cdf20 av_one_full  avia-builder-el-5  el_after_av_textblock  el_before_av_one_third  first flex_column_div av-zero-column-padding  column-top-margin'     ><style type=\"text\/css\" data-created_by=\"avia_inline_auto\" id=\"style-css-av-kevqbmoh-d9a05a4ab48ce67b552a7dbee9da5d98\">\n#top .av_textblock_section.av-kevqbmoh-d9a05a4ab48ce67b552a7dbee9da5d98 .avia_textblock{\ncolor:#000000;\n}\n<\/style>\n<section  class='av_textblock_section av-kevqbmoh-d9a05a4ab48ce67b552a7dbee9da5d98 '   itemscope=\"itemscope\" itemtype=\"https:\/\/schema.org\/CreativeWork\" ><div class='avia_textblock av_inherit_color'  itemprop=\"text\" ><h1 style=\"text-align: center;\">NOS VALEURS<\/h1>\n<\/div><\/section><\/div>\n\n<style type=\"text\/css\" data-created_by=\"avia_inline_auto\" id=\"style-css-av-kfe3kgfn-5342d9d4120dd02b8e25e0b35592e994\">\n#top .flex_column.av-kfe3kgfn-5342d9d4120dd02b8e25e0b35592e994{\nmargin-top:0px;\nmargin-bottom:0px;\n}\n.flex_column.av-kfe3kgfn-5342d9d4120dd02b8e25e0b35592e994{\nborder-radius:0px 0px 0px 0px;\npadding:15px 15px 15px 15px;\n}\n.responsive #top #wrap_all .flex_column.av-kfe3kgfn-5342d9d4120dd02b8e25e0b35592e994{\nmargin-top:0px;\nmargin-bottom:0px;\n}\n<\/style>\n<div  class='flex_column av-kfe3kgfn-5342d9d4120dd02b8e25e0b35592e994 av_one_third  avia-builder-el-7  el_after_av_one_full  el_before_av_one_third  first flex_column_div  column-top-margin'     ><p>\n<style type=\"text\/css\" data-created_by=\"avia_inline_auto\" id=\"style-css-av-jcweo-7ef0c779142296ec73fbcd35a6b242c0\">\n.avia-image-container.av-jcweo-7ef0c779142296ec73fbcd35a6b242c0 img.avia_image{\nbox-shadow:none;\n}\n.avia-image-container.av-jcweo-7ef0c779142296ec73fbcd35a6b242c0 .av-image-caption-overlay-center{\ncolor:#ffffff;\n}\n<\/style>\n<div  class='avia-image-container av-jcweo-7ef0c779142296ec73fbcd35a6b242c0 av-styling- avia-align-center  avia-builder-el-8  el_before_av_textblock  avia-builder-el-first  u-svg-md'   itemprop=\"image\" itemscope=\"itemscope\" itemtype=\"https:\/\/schema.org\/ImageObject\" ><div class=\"avia-image-container-inner\"><div class=\"avia-image-overlay-wrap\"><img decoding=\"async\" fetchpriority=\"high\" class='wp-image-2202 avia-img-lazy-loading-not-2202 avia_image ' src=\"https:\/\/sette.com\/wp-content\/uploads\/2023\/07\/SM_Icone_Collaboration.svg\" alt='' title='SM_Icone_Collaboration'  height=\"300\" width=\"300\"  itemprop=\"thumbnailUrl\"  \/><\/div><\/div><\/div><br \/>\n<section  class='av_textblock_section av-kfe3lamv-d1b5fe68dec72f330628a4f57d13769c '   itemscope=\"itemscope\" itemtype=\"https:\/\/schema.org\/CreativeWork\" ><div class='avia_textblock'  itemprop=\"text\" ><h4 style=\"text-align: center;\">Collaboration<br \/>\nPartenaire de vos cr\u00e9ations!<\/h4>\n<\/div><\/section><br \/>\n<section  class='av_textblock_section av-k9irxalf-ffa8fc480d9c876bd0c1b6de918ef75c '   itemscope=\"itemscope\" itemtype=\"https:\/\/schema.org\/CreativeWork\" ><div class='avia_textblock'  itemprop=\"text\" ><p>Nous faisons \u00e9quipe avec nos clients afin de faire rayonner leurs contenus au-del\u00e0 des fronti\u00e8res.<\/p>\n<\/div><\/section><\/p><\/div>\n\n<style type=\"text\/css\" data-created_by=\"avia_inline_auto\" id=\"style-css-av-kfe3kgfn-4c40ef5720ff5cc127e9b56d148f5a24\">\n#top .flex_column.av-kfe3kgfn-4c40ef5720ff5cc127e9b56d148f5a24{\nmargin-top:0px;\nmargin-bottom:0px;\n}\n.flex_column.av-kfe3kgfn-4c40ef5720ff5cc127e9b56d148f5a24{\nborder-radius:0px 0px 0px 0px;\npadding:15px 15px 15px 15px;\n}\n.responsive #top #wrap_all .flex_column.av-kfe3kgfn-4c40ef5720ff5cc127e9b56d148f5a24{\nmargin-top:0px;\nmargin-bottom:0px;\n}\n<\/style>\n<div  class='flex_column av-kfe3kgfn-4c40ef5720ff5cc127e9b56d148f5a24 av_one_third  avia-builder-el-11  el_after_av_one_third  el_before_av_one_third  flex_column_div  column-top-margin'     ><p>\n<style type=\"text\/css\" data-created_by=\"avia_inline_auto\" id=\"style-css-av-cvhmo-5b4ec45ccc9ec2e8b6e559ce22256a54\">\n.avia-image-container.av-cvhmo-5b4ec45ccc9ec2e8b6e559ce22256a54 img.avia_image{\nbox-shadow:none;\n}\n.avia-image-container.av-cvhmo-5b4ec45ccc9ec2e8b6e559ce22256a54 .av-image-caption-overlay-center{\ncolor:#ffffff;\n}\n<\/style>\n<div  class='avia-image-container av-cvhmo-5b4ec45ccc9ec2e8b6e559ce22256a54 av-styling- avia-align-center  avia-builder-el-12  el_before_av_textblock  avia-builder-el-first  u-svg-md'   itemprop=\"image\" itemscope=\"itemscope\" itemtype=\"https:\/\/schema.org\/ImageObject\" ><div class=\"avia-image-container-inner\"><div class=\"avia-image-overlay-wrap\"><img decoding=\"async\" fetchpriority=\"high\" class='wp-image-2205 avia-img-lazy-loading-not-2205 avia_image ' src=\"https:\/\/sette.com\/wp-content\/uploads\/2023\/07\/SM_Icone_Innovation.svg\" alt='' title='SM_Icone_Innovation'  height=\"300\" width=\"300\"  itemprop=\"thumbnailUrl\"  \/><\/div><\/div><\/div><br \/>\n<section  class='av_textblock_section av-kfe3lamv-d1b5fe68dec72f330628a4f57d13769c '   itemscope=\"itemscope\" itemtype=\"https:\/\/schema.org\/CreativeWork\" ><div class='avia_textblock'  itemprop=\"text\" ><h4 style=\"text-align: center;\">Innovation<br \/>\nL&rsquo;exp\u00e9rience tourn\u00e9e vers l&rsquo;avenir<\/h4>\n<\/div><\/section><br \/>\n<section  class='av_textblock_section av-k9irxalf-ffa8fc480d9c876bd0c1b6de918ef75c '   itemscope=\"itemscope\" itemtype=\"https:\/\/schema.org\/CreativeWork\" ><div class='avia_textblock'  itemprop=\"text\" ><p>Forts de nos ann\u00e9es dans l&rsquo;industrie de la t\u00e9l\u00e9vision et du cin\u00e9ma, nous sommes \u00e0 l&rsquo;aff\u00fbt des tendances et des innovations afin d&rsquo;aller au-devant de vos besoins futurs.<\/p>\n<\/div><\/section><\/p><\/div>\n<style type=\"text\/css\" data-created_by=\"avia_inline_auto\" id=\"style-css-av-kfe3kgfn-4c40ef5720ff5cc127e9b56d148f5a24\">\n#top .flex_column.av-kfe3kgfn-4c40ef5720ff5cc127e9b56d148f5a24{\nmargin-top:0px;\nmargin-bottom:0px;\n}\n.flex_column.av-kfe3kgfn-4c40ef5720ff5cc127e9b56d148f5a24{\nborder-radius:0px 0px 0px 0px;\npadding:15px 15px 15px 15px;\n}\n.responsive #top #wrap_all .flex_column.av-kfe3kgfn-4c40ef5720ff5cc127e9b56d148f5a24{\nmargin-top:0px;\nmargin-bottom:0px;\n}\n<\/style>\n<div  class='flex_column av-kfe3kgfn-4c40ef5720ff5cc127e9b56d148f5a24 av_one_third  avia-builder-el-15  el_after_av_one_third  el_before_av_section  avia-builder-el-last  flex_column_div  column-top-margin'     ><p>\n<style type=\"text\/css\" data-created_by=\"avia_inline_auto\" id=\"style-css-av-ad9y0-caaabf454d2a23d5057ef25c51dbfe52\">\n.avia-image-container.av-ad9y0-caaabf454d2a23d5057ef25c51dbfe52 img.avia_image{\nbox-shadow:none;\n}\n.avia-image-container.av-ad9y0-caaabf454d2a23d5057ef25c51dbfe52 .av-image-caption-overlay-center{\ncolor:#ffffff;\n}\n<\/style>\n<div  class='avia-image-container av-ad9y0-caaabf454d2a23d5057ef25c51dbfe52 av-styling- avia-align-center  avia-builder-el-16  el_before_av_textblock  avia-builder-el-first  u-svg-md'   itemprop=\"image\" itemscope=\"itemscope\" itemtype=\"https:\/\/schema.org\/ImageObject\" ><div class=\"avia-image-container-inner\"><div class=\"avia-image-overlay-wrap\"><img decoding=\"async\" fetchpriority=\"high\" class='wp-image-2207 avia-img-lazy-loading-not-2207 avia_image ' src=\"https:\/\/sette.com\/wp-content\/uploads\/2023\/07\/SM_Icone_Fiabilite.svg\" alt='' title='SM_Icone_Fiabilite'  height=\"300\" width=\"300\"  itemprop=\"thumbnailUrl\"  \/><\/div><\/div><\/div><br \/>\n<section  class='av_textblock_section av-kfe3lamv-d1b5fe68dec72f330628a4f57d13769c '   itemscope=\"itemscope\" itemtype=\"https:\/\/schema.org\/CreativeWork\" ><div class='avia_textblock'  itemprop=\"text\" ><h4 style=\"text-align: center;\">Fiabilit\u00e9<br \/>\nUn lien de confiance<\/h4>\n<\/div><\/section><br \/>\n<section  class='av_textblock_section av-k9irxalf-ffa8fc480d9c876bd0c1b6de918ef75c '   itemscope=\"itemscope\" itemtype=\"https:\/\/schema.org\/CreativeWork\" ><div class='avia_textblock'  itemprop=\"text\" ><p>Notre \u00e9quipe de gens passionn\u00e9s propose un service bas\u00e9 sur la simplicit\u00e9, l&rsquo;efficacit\u00e9 et la flexibilit\u00e9 afin de vous permettre de cr\u00e9er en toute tranquillit\u00e9.<\/p>\n<\/div><\/section><\/p><\/div><\/div><\/div><\/div><!-- close content main div --><\/div><\/div>\n<style type=\"text\/css\" data-created_by=\"avia_inline_auto\" id=\"style-css-av-19k39-111c4321377928b8f22d636533c8f87c\">\n.avia-section.av-19k39-111c4321377928b8f22d636533c8f87c{\nbackground-color:#f9f9f9;\nbackground-image:unset;\n}\n<\/style>\n<div id='av_section_2'  class='avia-section av-19k39-111c4321377928b8f22d636533c8f87c main_color avia-section-default avia-no-border-styling  avia-builder-el-19  el_after_av_one_third  el_before_av_section  avia-bg-style-scroll container_wrap sidebar_right'  ><div class='container av-section-cont-open' ><div class='template-page content  av-content-small alpha units'><div class='post-entry post-entry-type-page post-entry-557'><div class='entry-content-wrapper clearfix'>\n\n<style type=\"text\/css\" data-created_by=\"avia_inline_auto\" id=\"style-css-av-kevqbmoh-d9a05a4ab48ce67b552a7dbee9da5d98\">\n#top .av_textblock_section.av-kevqbmoh-d9a05a4ab48ce67b552a7dbee9da5d98 .avia_textblock{\ncolor:#000000;\n}\n<\/style>\n<section  class='av_textblock_section av-kevqbmoh-d9a05a4ab48ce67b552a7dbee9da5d98 '   itemscope=\"itemscope\" itemtype=\"https:\/\/schema.org\/CreativeWork\" ><div class='avia_textblock av_inherit_color'  itemprop=\"text\" ><h1 style=\"text-align: center;\">NOTRE HISTOIRE<\/h1>\n<\/div><\/section>\n\n<style type=\"text\/css\" data-created_by=\"avia_inline_auto\" id=\"style-css-av-fc5qt-9d7de52676d74059ff7aeb6e4e7e5e75\">\n.flex_column.av-fc5qt-9d7de52676d74059ff7aeb6e4e7e5e75{\nborder-radius:0px 0px 0px 0px;\npadding:0px 0px 0px 0px;\n}\n<\/style>\n<div  class='flex_column av-fc5qt-9d7de52676d74059ff7aeb6e4e7e5e75 av_one_half  avia-builder-el-21  el_after_av_textblock  el_before_av_one_half  first flex_column_div av-zero-column-padding  column-top-margin'     ><section  class='av_textblock_section av-k9irxalf-1bf29f4c438a5f2fa9efd1d39fd2eb76 '   itemscope=\"itemscope\" itemtype=\"https:\/\/schema.org\/CreativeWork\" ><div class='avia_textblock'  itemprop=\"text\" ><p>SETTE a \u00e9t\u00e9 fond\u00e9e \u00e0 la fin des ann\u00e9es 1979 par un groupe de c\u00e2blodistributeurs d\u00e9sirant bonifier l\u2019offre de programmation francophone de l\u2019\u00e9poque. La cha\u00eene de t\u00e9l\u00e9vision TVFQ 99 qui fut cr\u00e9\u00e9e \u00e9tait alors destin\u00e9e \u00e0 la diffusion d\u2019une programmation de langue fran\u00e7aise venant de France, de Belgique, de Suisse et du Qu\u00e9bec.<\/p>\n<p>SETTE, alors nomm\u00e9e Soci\u00e9t\u00e9 d\u2019\u00e9dition et de transcodage t.e. limit\u00e9e, s\u2019est ensuite consacr\u00e9e pendant de nombreuses ann\u00e9es \u00e0 la programmation, \u00e0 la mise en ondes, au transcodage et \u00e0 la distribution de cette cha\u00eene de t\u00e9l\u00e9vision originale.<\/p>\n<\/div><\/section><\/div>\n<style type=\"text\/css\" data-created_by=\"avia_inline_auto\" id=\"style-css-av-avnyt-f1813892f9c78bb1feec5fd72c33d3e3\">\n.flex_column.av-avnyt-f1813892f9c78bb1feec5fd72c33d3e3{\nborder-radius:0px 0px 0px 0px;\npadding:0px 0px 0px 0px;\n}\n<\/style>\n<div  class='flex_column av-avnyt-f1813892f9c78bb1feec5fd72c33d3e3 av_one_half  avia-builder-el-23  el_after_av_one_half  avia-builder-el-last  flex_column_div av-zero-column-padding  column-top-margin'     ><section  class='av_textblock_section av-k9irxalf-ffa8fc480d9c876bd0c1b6de918ef75c '   itemscope=\"itemscope\" itemtype=\"https:\/\/schema.org\/CreativeWork\" ><div class='avia_textblock'  itemprop=\"text\" ><p>Depuis ses d\u00e9buts, SETTE a effectu\u00e9 la mise en ondes, la distribution et le monitoring de signal de nombreuses cha\u00eenes de t\u00e9l\u00e9vision. De plus, l&rsquo;entreprise a instaur\u00e9 des services de transcodage en 1985, puis de sous-titrage en 2002 et l&rsquo;un des premiers service de vid\u00e9odescription en 2005.<\/p>\n<p>En 2020, SETTE a lanc\u00e9 son service de gestionnaire d&rsquo;actifs SETTE M\u00e9dia.<\/p>\n<\/div><\/section><\/div>\n<\/p>\n<\/div><\/div><\/div><!-- close content main div --><\/div><\/div>\n<style type=\"text\/css\" data-created_by=\"avia_inline_auto\" id=\"style-css-av-kaxzb9up-5c8e7debbc9d1434f5adb4c1f9c476b4\">\n.avia-section.av-kaxzb9up-5c8e7debbc9d1434f5adb4c1f9c476b4 .av-parallax .av-parallax-inner{\nbackground-repeat:no-repeat;\nbackground-image:url(https:\/\/sette.com\/wp-content\/uploads\/2020\/06\/head_bur01.jpg);\nbackground-position:50% 50%;\nbackground-attachment:scroll;\n}\n.avia-section.av-kaxzb9up-5c8e7debbc9d1434f5adb4c1f9c476b4 .av-section-color-overlay{\nopacity:0.5;\nbackground-color:#000000;\n}\n<\/style>\n<div id='av_section_3'  class='avia-section av-kaxzb9up-5c8e7debbc9d1434f5adb4c1f9c476b4 main_color avia-section-default avia-no-border-styling  avia-builder-el-25  el_after_av_section  avia-builder-el-last  av-parallax-section avia-bg-style-parallax av-section-color-overlay-active av-minimum-height av-minimum-height-custom av-height-custom  container_wrap sidebar_right'  data-section-bg-repeat='no-repeat' data-av_minimum_height_px='250'><div class='av-parallax' data-avia-parallax-ratio='0.3' ><div class='av-parallax-inner main_color avia-full-stretch'><\/div><\/div><div class=\"av-section-color-overlay-wrap\"><div class=\"av-section-color-overlay\"><\/div><div class='container av-section-cont-open' style='height:250px'><div class='template-page content  av-content-small alpha units'><div class='post-entry post-entry-type-page post-entry-557'><div class='entry-content-wrapper clearfix'>\n\n<style type=\"text\/css\" data-created_by=\"avia_inline_auto\" id=\"style-css-av-kevqbmoh-ff8ef286945781f1db43cafdbfadc8e7\">\n#top .av_textblock_section.av-kevqbmoh-ff8ef286945781f1db43cafdbfadc8e7 .avia_textblock{\ncolor:#ccee09;\n}\n<\/style>\n<section  class='av_textblock_section av-kevqbmoh-ff8ef286945781f1db43cafdbfadc8e7 '   itemscope=\"itemscope\" itemtype=\"https:\/\/schema.org\/CreativeWork\" ><div class='avia_textblock av_inherit_color'  itemprop=\"text\" ><h1 style=\"text-align: center;\">PROPULSEZ VOS CONTENUS AU-DEL\u00c0 DES FRONTI\u00c8RES!<\/h1>\n<\/div><\/section>\n<div  class='avia-button-wrap av-uhh1-29ca75ff88d09610cea44a75be6d1134-wrap avia-button-center  avia-builder-el-27  el_after_av_textblock  avia-builder-el-last '>\n<style type=\"text\/css\" data-created_by=\"avia_inline_auto\" id=\"style-css-av-uhh1-29ca75ff88d09610cea44a75be6d1134\">\n#top #wrap_all .avia-button.av-uhh1-29ca75ff88d09610cea44a75be6d1134{\nbackground-color:#000000;\nborder-color:#000000;\ncolor:#ffffff;\ntransition:all 0.4s ease-in-out;\n}\n#top #wrap_all .avia-button.av-uhh1-29ca75ff88d09610cea44a75be6d1134 .avia-svg-icon svg:first-child{\nfill:#ffffff;\nstroke:#ffffff;\n}\n<\/style>\n<a href='https:\/\/sette.com\/fr\/contactez-nous\/'  class='avia-button av-uhh1-29ca75ff88d09610cea44a75be6d1134 av-link-btn avia-icon_select-no avia-size-large avia-position-center'   aria-label=\"Contactez-nous\"><span class='avia_iconbox_title' >Contactez-nous<\/span><\/a><\/div>\n<\/div><\/div><\/div><!-- close content main div --><\/div><\/div><\/div><div id='after_section_3'  class='main_color av_default_container_wrap container_wrap sidebar_right'  ><div class='container av-section-cont-open' ><div class='template-page content  av-content-small alpha units'><div class='post-entry post-entry-type-page post-entry-557'><div class='entry-content-wrapper clearfix'>\n","protected":false},"excerpt":{"rendered":"","protected":false},"author":1,"featured_media":0,"parent":0,"menu_order":0,"comment_status":"closed","ping_status":"closed","template":"","meta":{"inline_featured_image":false,"footnotes":""},"class_list":["post-557","page","type-page","status-publish","hentry"],"_links":{"self":[{"href":"https:\/\/sette.com\/fr\/wp-json\/wp\/v2\/pages\/557","targetHints":{"allow":["GET"]}}],"collection":[{"href":"https:\/\/sette.com\/fr\/wp-json\/wp\/v2\/pages"}],"about":[{"href":"https:\/\/sette.com\/fr\/wp-json\/wp\/v2\/types\/page"}],"author":[{"embeddable":true,"href":"https:\/\/sette.com\/fr\/wp-json\/wp\/v2\/users\/1"}],"replies":[{"embeddable":true,"href":"https:\/\/sette.com\/fr\/wp-json\/wp\/v2\/comments?post=557"}],"version-history":[{"count":1,"href":"https:\/\/sette.com\/fr\/wp-json\/wp\/v2\/pages\/557\/revisions"}],"predecessor-version":[{"id":2690,"href":"https:\/\/sette.com\/fr\/wp-json\/wp\/v2\/pages\/557\/revisions\/2690"}],"wp:attachment":[{"href":"https:\/\/sette.com\/fr\/wp-json\/wp\/v2\/media?parent=557"}],"curies":[{"name":"wp","href":"https:\/\/api.w.org\/{rel}","templated":true}]}}