{"id":567,"date":"2020-09-21T18:40:07","date_gmt":"2020-09-21T18:40:07","guid":{"rendered":"https:\/\/sette.com\/?page_id=567"},"modified":"2025-04-13T11:33:20","modified_gmt":"2025-04-13T15:33:20","slug":"equipe","status":"publish","type":"page","link":"https:\/\/sette.com\/fr\/equipe\/","title":{"rendered":"\u00c9quipe"},"content":{"rendered":"\n<style type=\"text\/css\" data-created_by=\"avia_inline_auto\" id=\"style-css-av-kaxzb9up-5c706318f0ce30a6bc4a03c98cb9cd86\">\n.avia-section.av-kaxzb9up-5c706318f0ce30a6bc4a03c98cb9cd86 .av-parallax .av-parallax-inner{\nbackground-repeat:no-repeat;\nbackground-image:url(https:\/\/sette.com\/wp-content\/uploads\/2021\/01\/equipe-1.jpg);\nbackground-position:50% 50%;\nbackground-attachment:scroll;\n}\n.avia-section.av-kaxzb9up-5c706318f0ce30a6bc4a03c98cb9cd86 .av-section-color-overlay{\nopacity:0.4;\nbackground-color:#000000;\n}\n<\/style>\n<div id='av_section_1'  class='avia-section av-kaxzb9up-5c706318f0ce30a6bc4a03c98cb9cd86 main_color avia-section-default avia-no-border-styling  avia-builder-el-0  el_before_av_section  avia-builder-el-first  av-parallax-section avia-bg-style-parallax av-section-color-overlay-active av-minimum-height av-minimum-height-custom av-height-custom  container_wrap sidebar_right'  data-section-bg-repeat='no-repeat' data-av_minimum_height_px='400'><div class='av-parallax' data-avia-parallax-ratio='0.3' ><div class='av-parallax-inner main_color avia-full-stretch'><\/div><\/div><div class=\"av-section-color-overlay-wrap\"><div class=\"av-section-color-overlay\"><\/div><div class='container av-section-cont-open' style='height:400px'><main  role=\"main\" itemprop=\"mainContentOfPage\"  class='template-page content  av-content-small alpha units'><div class='post-entry post-entry-type-page post-entry-567'><div class='entry-content-wrapper clearfix'>\n\n<style type=\"text\/css\" data-created_by=\"avia_inline_auto\" id=\"style-css-av-kevqbmoh-328d7c851e01893a3d4ff86daef3fbf2\">\n#top .av_textblock_section.av-kevqbmoh-328d7c851e01893a3d4ff86daef3fbf2 .avia_textblock{\ncolor:#ccee09;\n}\n<\/style>\n<section  class='av_textblock_section av-kevqbmoh-328d7c851e01893a3d4ff86daef3fbf2 '   itemscope=\"itemscope\" itemtype=\"https:\/\/schema.org\/CreativeWork\" ><div class='avia_textblock av_inherit_color'  itemprop=\"text\" ><h1 style=\"text-align: center;\">NOTRE \u00c9QUIPE<\/h1>\n<\/div><\/section>\n\n<style type=\"text\/css\" data-created_by=\"avia_inline_auto\" id=\"style-css-av-kevqckyi-063869bedbf45d89cafe7a698d9410f1\">\n#top .av_textblock_section.av-kevqckyi-063869bedbf45d89cafe7a698d9410f1 .avia_textblock{\nfont-size:18px;\ncolor:#ffffff;\n}\n<\/style>\n<section  class='av_textblock_section av-kevqckyi-063869bedbf45d89cafe7a698d9410f1 '   itemscope=\"itemscope\" itemtype=\"https:\/\/schema.org\/CreativeWork\" ><div class='avia_textblock av_inherit_color'  itemprop=\"text\" ><p style=\"text-align: center;\">Notre \u00e9quipe diversifi\u00e9e s&rsquo;appuie sur ses 40 ann\u00e9es d&rsquo;exp\u00e9rience et sur une grande capacit\u00e9 d&rsquo;adaptation aux d\u00e9fis et d\u00e9veloppements de notre industrie.<br \/>\nD\u00e9couvrez l\u2019\u00e9quipe SETTE qui se fera un plaisir de trouver la meilleure solution pour propulser vos contenus!<\/p>\n<\/div><\/section>\n\n<\/div><\/div><\/main><!-- close content main element --><\/div><\/div><\/div><div id='av_section_2'  class='avia-section av-dixrb-99dd618abfbfc75750d545a2555c2ce6 main_color avia-section-default avia-no-border-styling  avia-builder-el-3  el_after_av_section  el_before_av_section  avia-bg-style-scroll container_wrap sidebar_right'  ><div class='container av-section-cont-open' ><div class='template-page content  av-content-small alpha units'><div class='post-entry post-entry-type-page post-entry-567'><div class='entry-content-wrapper clearfix'>\n\n<style type=\"text\/css\" data-created_by=\"avia_inline_auto\" id=\"style-css-av-kevqbmoh-d9a05a4ab48ce67b552a7dbee9da5d98\">\n#top .av_textblock_section.av-kevqbmoh-d9a05a4ab48ce67b552a7dbee9da5d98 .avia_textblock{\ncolor:#000000;\n}\n<\/style>\n<section  class='av_textblock_section av-kevqbmoh-d9a05a4ab48ce67b552a7dbee9da5d98 '   itemscope=\"itemscope\" itemtype=\"https:\/\/schema.org\/CreativeWork\" ><div class='avia_textblock av_inherit_color'  itemprop=\"text\" ><h1 style=\"text-align: center;\">\u00c9QUIPE DE DIRECTION ET DE GESTION<\/h1>\n<\/div><\/section>\n\n<style type=\"text\/css\" data-created_by=\"avia_inline_auto\" id=\"style-css-av-94hr3-c9bc01b20f4ca777c073f6ea7396fd4e\">\n.flex_column.av-94hr3-c9bc01b20f4ca777c073f6ea7396fd4e{\nborder-radius:0px 0px 0px 0px;\npadding:20px 20px 20px 20px;\n}\n<\/style>\n<div  class='flex_column av-94hr3-c9bc01b20f4ca777c073f6ea7396fd4e av_one_third  avia-builder-el-5  el_after_av_textblock  el_before_av_one_third  first flex_column_div  column-top-margin'     ><section  class='av_textblock_section av-kmlzl49v-b708678220c6d5485b2bcdb252c2a6dd '   itemscope=\"itemscope\" itemtype=\"https:\/\/schema.org\/CreativeWork\" ><div class='avia_textblock'  itemprop=\"text\" ><h3>Steve Desgagn\u00e9<\/h3>\n<p><em>Directeur principal<br \/>\n<\/em>t. 514-380-8504<br \/>\n<a href=\"mailto:S.Desgagne@sette.com\">S.Desgagne@sette.com<\/a><\/p>\n<\/div><\/section><\/div>\n<style type=\"text\/css\" data-created_by=\"avia_inline_auto\" id=\"style-css-av-94hr3-4d6672ae0ecc59afa868059614887b1b\">\n.flex_column.av-94hr3-4d6672ae0ecc59afa868059614887b1b{\nborder-radius:0px 0px 0px 0px;\npadding:20px 20px 20px 20px;\n}\n<\/style>\n<div  class='flex_column av-94hr3-4d6672ae0ecc59afa868059614887b1b av_one_third  avia-builder-el-7  el_after_av_one_third  el_before_av_one_third  flex_column_div  column-top-margin'     ><section  class='av_textblock_section av-kmlzl49v-54170c5badff35aba4bdb08db765e2ea '   itemscope=\"itemscope\" itemtype=\"https:\/\/schema.org\/CreativeWork\" ><div class='avia_textblock'  itemprop=\"text\" ><h3>Wendy Madail<\/h3>\n<p><em>Directrice &#8211; Ventes et D\u00e9veloppement des affaires<br \/>\n<\/em>t. 514-380-8503<br \/>\n<a href=\"mailto:W.Madail@sette.com\">W.Madail@sette.com<\/a><\/p>\n<\/div><\/section><\/div>\n<style type=\"text\/css\" data-created_by=\"avia_inline_auto\" id=\"style-css-av-94hr3-4d6672ae0ecc59afa868059614887b1b\">\n.flex_column.av-94hr3-4d6672ae0ecc59afa868059614887b1b{\nborder-radius:0px 0px 0px 0px;\npadding:20px 20px 20px 20px;\n}\n<\/style>\n<div  class='flex_column av-94hr3-4d6672ae0ecc59afa868059614887b1b av_one_third  avia-builder-el-9  el_after_av_one_third  avia-builder-el-last  flex_column_div  column-top-margin'     ><section  class='av_textblock_section av-kmlzl49v-54170c5badff35aba4bdb08db765e2ea '   itemscope=\"itemscope\" itemtype=\"https:\/\/schema.org\/CreativeWork\" ><div class='avia_textblock'  itemprop=\"text\" ><h3>Benoit Delpech<\/h3>\n<div class=\"team-member-job-title \"><em>Gestionnaire &#8211; Vid\u00e9odescription<\/em><br \/>\nt. 514-380-8241<br \/>\n<a href=\"mailto:B.Delpech@sette.com\">B.Delpech@sette.com<\/a><\/div>\n<\/div><\/section><\/div><\/div><\/div><\/div><!-- close content main div --><\/div><\/div>\n<style type=\"text\/css\" data-created_by=\"avia_inline_auto\" id=\"style-css-av-kaxzb9up-5c8e7debbc9d1434f5adb4c1f9c476b4\">\n.avia-section.av-kaxzb9up-5c8e7debbc9d1434f5adb4c1f9c476b4 .av-parallax .av-parallax-inner{\nbackground-repeat:no-repeat;\nbackground-image:url(https:\/\/sette.com\/wp-content\/uploads\/2020\/06\/head_bur01.jpg);\nbackground-position:50% 50%;\nbackground-attachment:scroll;\n}\n.avia-section.av-kaxzb9up-5c8e7debbc9d1434f5adb4c1f9c476b4 .av-section-color-overlay{\nopacity:0.5;\nbackground-color:#000000;\n}\n<\/style>\n<div id='av_section_3'  class='avia-section av-kaxzb9up-5c8e7debbc9d1434f5adb4c1f9c476b4 main_color avia-section-default avia-no-border-styling  avia-builder-el-11  el_after_av_section  avia-builder-el-last  av-parallax-section avia-bg-style-parallax av-section-color-overlay-active av-minimum-height av-minimum-height-custom av-height-custom  container_wrap sidebar_right'  data-section-bg-repeat='no-repeat' data-av_minimum_height_px='250'><div class='av-parallax' data-avia-parallax-ratio='0.3' ><div class='av-parallax-inner main_color avia-full-stretch'><\/div><\/div><div class=\"av-section-color-overlay-wrap\"><div class=\"av-section-color-overlay\"><\/div><div class='container av-section-cont-open' style='height:250px'><div class='template-page content  av-content-small alpha units'><div class='post-entry post-entry-type-page post-entry-567'><div class='entry-content-wrapper clearfix'>\n\n<style type=\"text\/css\" data-created_by=\"avia_inline_auto\" id=\"style-css-av-kevqbmoh-ff8ef286945781f1db43cafdbfadc8e7\">\n#top .av_textblock_section.av-kevqbmoh-ff8ef286945781f1db43cafdbfadc8e7 .avia_textblock{\ncolor:#ccee09;\n}\n<\/style>\n<section  class='av_textblock_section av-kevqbmoh-ff8ef286945781f1db43cafdbfadc8e7 '   itemscope=\"itemscope\" itemtype=\"https:\/\/schema.org\/CreativeWork\" ><div class='avia_textblock av_inherit_color'  itemprop=\"text\" ><h1 style=\"text-align: center;\">PROPULSEZ VOS CONTENUS AU-DEL\u00c0 DES FRONTI\u00c8RES!<\/h1>\n<\/div><\/section>\n<div  class='avia-button-wrap av-uhh1-29ca75ff88d09610cea44a75be6d1134-wrap avia-button-center  avia-builder-el-13  el_after_av_textblock  avia-builder-el-last '>\n<style type=\"text\/css\" data-created_by=\"avia_inline_auto\" id=\"style-css-av-uhh1-29ca75ff88d09610cea44a75be6d1134\">\n#top #wrap_all .avia-button.av-uhh1-29ca75ff88d09610cea44a75be6d1134{\nbackground-color:#000000;\nborder-color:#000000;\ncolor:#ffffff;\ntransition:all 0.4s ease-in-out;\n}\n#top #wrap_all .avia-button.av-uhh1-29ca75ff88d09610cea44a75be6d1134 .avia-svg-icon svg:first-child{\nfill:#ffffff;\nstroke:#ffffff;\n}\n<\/style>\n<a href='https:\/\/sette.com\/fr\/contactez-nous\/'  class='avia-button av-uhh1-29ca75ff88d09610cea44a75be6d1134 av-link-btn avia-icon_select-no avia-size-large avia-position-center'   aria-label=\"Contactez-nous\"><span class='avia_iconbox_title' >Contactez-nous<\/span><\/a><\/div>\n<\/div><\/div><\/div><!-- close content main div --><\/div><\/div><\/div><div id='after_section_3'  class='main_color av_default_container_wrap container_wrap sidebar_right'  ><div class='container av-section-cont-open' ><div class='template-page content  av-content-small alpha units'><div class='post-entry post-entry-type-page post-entry-567'><div class='entry-content-wrapper clearfix'><\/p>\n","protected":false},"excerpt":{"rendered":"","protected":false},"author":1,"featured_media":0,"parent":0,"menu_order":0,"comment_status":"closed","ping_status":"closed","template":"","meta":{"inline_featured_image":false,"footnotes":""},"class_list":["post-567","page","type-page","status-publish","hentry"],"_links":{"self":[{"href":"https:\/\/sette.com\/fr\/wp-json\/wp\/v2\/pages\/567","targetHints":{"allow":["GET"]}}],"collection":[{"href":"https:\/\/sette.com\/fr\/wp-json\/wp\/v2\/pages"}],"about":[{"href":"https:\/\/sette.com\/fr\/wp-json\/wp\/v2\/types\/page"}],"author":[{"embeddable":true,"href":"https:\/\/sette.com\/fr\/wp-json\/wp\/v2\/users\/1"}],"replies":[{"embeddable":true,"href":"https:\/\/sette.com\/fr\/wp-json\/wp\/v2\/comments?post=567"}],"version-history":[{"count":5,"href":"https:\/\/sette.com\/fr\/wp-json\/wp\/v2\/pages\/567\/revisions"}],"predecessor-version":[{"id":2669,"href":"https:\/\/sette.com\/fr\/wp-json\/wp\/v2\/pages\/567\/revisions\/2669"}],"wp:attachment":[{"href":"https:\/\/sette.com\/fr\/wp-json\/wp\/v2\/media?parent=567"}],"curies":[{"name":"wp","href":"https:\/\/api.w.org\/{rel}","templated":true}]}}