{"id":576,"date":"2020-09-21T18:54:32","date_gmt":"2020-09-21T18:54:32","guid":{"rendered":"https:\/\/sette.com\/?page_id=576"},"modified":"2023-07-18T14:20:40","modified_gmt":"2023-07-18T18:20:40","slug":"carriere","status":"publish","type":"page","link":"https:\/\/sette.com\/fr\/carriere\/","title":{"rendered":"Carri\u00e8re"},"content":{"rendered":"\n<style type=\"text\/css\" data-created_by=\"avia_inline_auto\" id=\"style-css-av-kaxzb9up-6257b03583855d1b6b93e32aeb48f6b4\">\n.avia-section.av-kaxzb9up-6257b03583855d1b6b93e32aeb48f6b4 .av-parallax .av-parallax-inner{\nbackground-repeat:no-repeat;\nbackground-image:url(https:\/\/sette.com\/wp-content\/uploads\/2021\/01\/carriere-3.jpg);\nbackground-position:50% 50%;\nbackground-attachment:scroll;\n}\n.avia-section.av-kaxzb9up-6257b03583855d1b6b93e32aeb48f6b4 .av-section-color-overlay{\nopacity:0.4;\nbackground-color:#000000;\n}\n<\/style>\n<div id='av_section_1'  class='avia-section av-kaxzb9up-6257b03583855d1b6b93e32aeb48f6b4 main_color avia-section-default avia-no-border-styling  avia-builder-el-0  el_before_av_one_full  avia-builder-el-first  av-parallax-section avia-bg-style-parallax av-section-color-overlay-active av-minimum-height av-minimum-height-custom av-height-custom  container_wrap sidebar_right'  data-section-bg-repeat='no-repeat' data-av_minimum_height_px='400'><div class='av-parallax' data-avia-parallax-ratio='0.3' ><div class='av-parallax-inner main_color avia-full-stretch'><\/div><\/div><div class=\"av-section-color-overlay-wrap\"><div class=\"av-section-color-overlay\"><\/div><div class='container av-section-cont-open' style='height:400px'><main  role=\"main\" itemprop=\"mainContentOfPage\"  class='template-page content  av-content-small alpha units'><div class='post-entry post-entry-type-page post-entry-576'><div class='entry-content-wrapper clearfix'>\n\n<style type=\"text\/css\" data-created_by=\"avia_inline_auto\" id=\"style-css-av-kevqbmoh-328d7c851e01893a3d4ff86daef3fbf2\">\n#top .av_textblock_section.av-kevqbmoh-328d7c851e01893a3d4ff86daef3fbf2 .avia_textblock{\ncolor:#ccee09;\n}\n<\/style>\n<section  class='av_textblock_section av-kevqbmoh-328d7c851e01893a3d4ff86daef3fbf2 '   itemscope=\"itemscope\" itemtype=\"https:\/\/schema.org\/CreativeWork\" ><div class='avia_textblock av_inherit_color'  itemprop=\"text\" ><h1 style=\"text-align: center;\">JOIGNEZ NOTRE \u00c9QUIPE<\/h1>\n<\/div><\/section>\n\n<style type=\"text\/css\" data-created_by=\"avia_inline_auto\" id=\"style-css-av-kevqckyi-063869bedbf45d89cafe7a698d9410f1\">\n#top .av_textblock_section.av-kevqckyi-063869bedbf45d89cafe7a698d9410f1 .avia_textblock{\nfont-size:18px;\ncolor:#ffffff;\n}\n<\/style>\n<section  class='av_textblock_section av-kevqckyi-063869bedbf45d89cafe7a698d9410f1 '   itemscope=\"itemscope\" itemtype=\"https:\/\/schema.org\/CreativeWork\" ><div class='avia_textblock av_inherit_color'  itemprop=\"text\" ><p style=\"text-align: center;\">Nos \u00e9quipes sont fortes de nombreuses ann\u00e9es d\u2019exp\u00e9rience combin\u00e9es \u00e0 la motivation soutenue d\u2019\u00eatre \u00e0 la fine pointe des pratiques de l\u2019industrie.\u00a0Notre savoir-faire s\u2019actualise et s\u2019am\u00e9liore\u00a0gr\u00e2ce aux nouveaux talents qui se joignent \u00e0 nous.<br \/>\nJoignez-vous \u00e0 SETTE et propulsez-vous dans un avenir rempli de d\u00e9fis\u202f!<\/p>\n<\/div><\/section>\n<\/div><\/div><\/main><!-- close content main element --><\/div><\/div><\/div><div id='after_section_1'  class='main_color av_default_container_wrap container_wrap sidebar_right'  ><div class='container av-section-cont-open' ><div class='template-page content  av-content-small alpha units'><div class='post-entry post-entry-type-page post-entry-576'><div class='entry-content-wrapper clearfix'>\n\n<style type=\"text\/css\" data-created_by=\"avia_inline_auto\" id=\"style-css-av-q0wu8-2a6dec863c3c05d0db1b4d9a377cdf20\">\n.flex_column.av-q0wu8-2a6dec863c3c05d0db1b4d9a377cdf20{\nborder-radius:0px 0px 0px 0px;\npadding:0px 0px 0px 0px;\n}\n<\/style>\n<div  class='flex_column av-q0wu8-2a6dec863c3c05d0db1b4d9a377cdf20 av_one_full  avia-builder-el-3  el_after_av_section  el_before_av_one_fourth  avia-builder-el-first  first flex_column_div av-zero-column-padding  '     ><style type=\"text\/css\" data-created_by=\"avia_inline_auto\" id=\"style-css-av-kevqbmoh-d9a05a4ab48ce67b552a7dbee9da5d98\">\n#top .av_textblock_section.av-kevqbmoh-d9a05a4ab48ce67b552a7dbee9da5d98 .avia_textblock{\ncolor:#000000;\n}\n<\/style>\n<section  class='av_textblock_section av-kevqbmoh-d9a05a4ab48ce67b552a7dbee9da5d98 '   itemscope=\"itemscope\" itemtype=\"https:\/\/schema.org\/CreativeWork\" ><div class='avia_textblock av_inherit_color'  itemprop=\"text\" ><h1 style=\"text-align: center;\">AVANTAGES ET B\u00c9N\u00c9FICES<\/h1>\n<\/div><\/section><\/div>\n\n<style type=\"text\/css\" data-created_by=\"avia_inline_auto\" id=\"style-css-av-kfe3kgfn-8630ce7538c05b04a97d8ee4cebc92c1\">\n.flex_column.av-kfe3kgfn-8630ce7538c05b04a97d8ee4cebc92c1{\nborder-radius:0px 0px 0px 0px;\npadding:15px 15px 15px 15px;\n}\n<\/style>\n<div  class='flex_column av-kfe3kgfn-8630ce7538c05b04a97d8ee4cebc92c1 av_one_fourth  avia-builder-el-5  el_after_av_one_full  el_before_av_one_fourth  first flex_column_div  column-top-margin'     ><p>\n<style type=\"text\/css\" data-created_by=\"avia_inline_auto\" id=\"style-css-av-jcweo-47a2d144086909e7bf313bdcda855348\">\n.avia-image-container.av-jcweo-47a2d144086909e7bf313bdcda855348 img.avia_image{\nbox-shadow:none;\n}\n.avia-image-container.av-jcweo-47a2d144086909e7bf313bdcda855348 .av-image-caption-overlay-center{\ncolor:#ffffff;\n}\n<\/style>\n<div  class='avia-image-container av-jcweo-47a2d144086909e7bf313bdcda855348 av-styling- avia-align-center  avia-builder-el-6  el_before_av_textblock  avia-builder-el-first  u-svg-md'   itemprop=\"image\" itemscope=\"itemscope\" itemtype=\"https:\/\/schema.org\/ImageObject\" ><div class=\"avia-image-container-inner\"><div class=\"avia-image-overlay-wrap\"><img decoding=\"async\" fetchpriority=\"high\" class='wp-image-2211 avia-img-lazy-loading-not-2211 avia_image ' src=\"https:\/\/sette.com\/wp-content\/uploads\/2023\/07\/SM_Icone_Excellents-avantages-sociaux.svg\" alt='' title='SM_Icone_Excellents avantages sociaux'  height=\"300\" width=\"300\"  itemprop=\"thumbnailUrl\"  \/><\/div><\/div><\/div><br \/>\n<section  class='av_textblock_section av-kfe3lamv-d1b5fe68dec72f330628a4f57d13769c '   itemscope=\"itemscope\" itemtype=\"https:\/\/schema.org\/CreativeWork\" ><div class='avia_textblock'  itemprop=\"text\" ><h4 style=\"text-align: center;\">Excellents avantages sociaux<\/h4>\n<\/div><\/section><\/p><\/div>\n\n<style type=\"text\/css\" data-created_by=\"avia_inline_auto\" id=\"style-css-av-kfe3kgfn-4c40ef5720ff5cc127e9b56d148f5a24\">\n.flex_column.av-kfe3kgfn-4c40ef5720ff5cc127e9b56d148f5a24{\nborder-radius:0px 0px 0px 0px;\npadding:15px 15px 15px 15px;\n}\n<\/style>\n<div  class='flex_column av-kfe3kgfn-4c40ef5720ff5cc127e9b56d148f5a24 av_one_fourth  avia-builder-el-8  el_after_av_one_fourth  el_before_av_one_fourth  flex_column_div  column-top-margin'     ><p>\n<style type=\"text\/css\" data-created_by=\"avia_inline_auto\" id=\"style-css-av-cvhmo-ea7a8208c8bff7530cd251e2ea904147\">\n.avia-image-container.av-cvhmo-ea7a8208c8bff7530cd251e2ea904147 img.avia_image{\nbox-shadow:none;\n}\n.avia-image-container.av-cvhmo-ea7a8208c8bff7530cd251e2ea904147 .av-image-caption-overlay-center{\ncolor:#ffffff;\n}\n<\/style>\n<div  class='avia-image-container av-cvhmo-ea7a8208c8bff7530cd251e2ea904147 av-styling- avia-align-center  avia-builder-el-9  el_before_av_textblock  avia-builder-el-first  u-svg-md'   itemprop=\"image\" itemscope=\"itemscope\" itemtype=\"https:\/\/schema.org\/ImageObject\" ><div class=\"avia-image-container-inner\"><div class=\"avia-image-overlay-wrap\"><img decoding=\"async\" fetchpriority=\"high\" class='wp-image-2213 avia-img-lazy-loading-not-2213 avia_image ' src=\"https:\/\/sette.com\/wp-content\/uploads\/2023\/07\/SM_Icone_Possibilite-teletravail.svg\" alt='' title='SM_Icone_Possibilite teletravail'  height=\"300\" width=\"300\"  itemprop=\"thumbnailUrl\"  \/><\/div><\/div><\/div><br \/>\n<section  class='av_textblock_section av-kfe3lamv-d1b5fe68dec72f330628a4f57d13769c '   itemscope=\"itemscope\" itemtype=\"https:\/\/schema.org\/CreativeWork\" ><div class='avia_textblock'  itemprop=\"text\" ><h4 style=\"text-align: center;\">Possibilit\u00e9 de faire du t\u00e9l\u00e9travail<\/h4>\n<\/div><\/section><\/p><\/div>\n\n<style type=\"text\/css\" data-created_by=\"avia_inline_auto\" id=\"style-css-av-kfe3kgfn-4c40ef5720ff5cc127e9b56d148f5a24\">\n.flex_column.av-kfe3kgfn-4c40ef5720ff5cc127e9b56d148f5a24{\nborder-radius:0px 0px 0px 0px;\npadding:15px 15px 15px 15px;\n}\n<\/style>\n<div  class='flex_column av-kfe3kgfn-4c40ef5720ff5cc127e9b56d148f5a24 av_one_fourth  avia-builder-el-11  el_after_av_one_fourth  el_before_av_one_fourth  flex_column_div  column-top-margin'     ><p>\n<style type=\"text\/css\" data-created_by=\"avia_inline_auto\" id=\"style-css-av-ad9y0-191c6bedb6f7985bdc06d754ac3ac54e\">\n.avia-image-container.av-ad9y0-191c6bedb6f7985bdc06d754ac3ac54e img.avia_image{\nbox-shadow:none;\n}\n.avia-image-container.av-ad9y0-191c6bedb6f7985bdc06d754ac3ac54e .av-image-caption-overlay-center{\ncolor:#ffffff;\n}\n<\/style>\n<div  class='avia-image-container av-ad9y0-191c6bedb6f7985bdc06d754ac3ac54e av-styling- avia-align-center  avia-builder-el-12  el_before_av_textblock  avia-builder-el-first  u-svg-md'   itemprop=\"image\" itemscope=\"itemscope\" itemtype=\"https:\/\/schema.org\/ImageObject\" ><div class=\"avia-image-container-inner\"><div class=\"avia-image-overlay-wrap\"><img decoding=\"async\" fetchpriority=\"high\" class='wp-image-2215 avia-img-lazy-loading-not-2215 avia_image ' src=\"https:\/\/sette.com\/wp-content\/uploads\/2023\/07\/SM_Icone_Horaire-flexible.svg\" alt='' title='SM_Icone_Horaire flexible'  height=\"300\" width=\"300\"  itemprop=\"thumbnailUrl\"  \/><\/div><\/div><\/div><br \/>\n<section  class='av_textblock_section av-kfe3lamv-d1b5fe68dec72f330628a4f57d13769c '   itemscope=\"itemscope\" itemtype=\"https:\/\/schema.org\/CreativeWork\" ><div class='avia_textblock'  itemprop=\"text\" ><h4 style=\"text-align: center;\">Horaire de travail flexible<\/h4>\n<\/div><\/section><\/p><\/div>\n\n<style type=\"text\/css\" data-created_by=\"avia_inline_auto\" id=\"style-css-av-kfe3kgfn-4c40ef5720ff5cc127e9b56d148f5a24\">\n.flex_column.av-kfe3kgfn-4c40ef5720ff5cc127e9b56d148f5a24{\nborder-radius:0px 0px 0px 0px;\npadding:15px 15px 15px 15px;\n}\n<\/style>\n<div  class='flex_column av-kfe3kgfn-4c40ef5720ff5cc127e9b56d148f5a24 av_one_fourth  avia-builder-el-14  el_after_av_one_fourth  el_before_av_hr  flex_column_div  column-top-margin'     ><p>\n<style type=\"text\/css\" data-created_by=\"avia_inline_auto\" id=\"style-css-av-ad9y0-062fe397971da57ed26008a0c9f83dfc\">\n.avia-image-container.av-ad9y0-062fe397971da57ed26008a0c9f83dfc img.avia_image{\nbox-shadow:none;\n}\n.avia-image-container.av-ad9y0-062fe397971da57ed26008a0c9f83dfc .av-image-caption-overlay-center{\ncolor:#ffffff;\n}\n<\/style>\n<div  class='avia-image-container av-ad9y0-062fe397971da57ed26008a0c9f83dfc av-styling- avia-align-center  avia-builder-el-15  el_before_av_textblock  avia-builder-el-first  u-svg-md'   itemprop=\"image\" itemscope=\"itemscope\" itemtype=\"https:\/\/schema.org\/ImageObject\" ><div class=\"avia-image-container-inner\"><div class=\"avia-image-overlay-wrap\"><img decoding=\"async\" fetchpriority=\"high\" class='wp-image-2217 avia-img-lazy-loading-not-2217 avia_image ' src=\"https:\/\/sette.com\/wp-content\/uploads\/2023\/07\/SM_Icone_Equipe-dynamique.svg\" alt='' title='SM_Icone_Equipe dynamique'  height=\"300\" width=\"300\"  itemprop=\"thumbnailUrl\"  \/><\/div><\/div><\/div><br \/>\n<section  class='av_textblock_section av-kfe3lamv-d1b5fe68dec72f330628a4f57d13769c '   itemscope=\"itemscope\" itemtype=\"https:\/\/schema.org\/CreativeWork\" ><div class='avia_textblock'  itemprop=\"text\" ><h4 style=\"text-align: center;\">\u00c9quipe dynamique<\/h4>\n<\/div><\/section><\/p><\/div>\n\n<style type=\"text\/css\" data-created_by=\"avia_inline_auto\" id=\"style-css-av-kfe45xnz-5be3d85e46da64fb3fe6befe5f0a7c58\">\n#top .hr.hr-invisible.av-kfe45xnz-5be3d85e46da64fb3fe6befe5f0a7c58{\nheight:50px;\n}\n<\/style>\n<div  class='hr av-kfe45xnz-5be3d85e46da64fb3fe6befe5f0a7c58 hr-invisible  avia-builder-el-17  el_after_av_one_fourth  el_before_av_textblock '><span class='hr-inner '><span class=\"hr-inner-style\"><\/span><\/span><\/div>\n\n<style type=\"text\/css\" data-created_by=\"avia_inline_auto\" id=\"style-css-av-kevqbmoh-c7b066e52e1a3929941507c55aefed16\">\n#top .av_textblock_section.av-kevqbmoh-c7b066e52e1a3929941507c55aefed16 .avia_textblock{\ncolor:#000000;\n}\n<\/style>\n<section  class='av_textblock_section av-kevqbmoh-c7b066e52e1a3929941507c55aefed16 '   itemscope=\"itemscope\" itemtype=\"https:\/\/schema.org\/CreativeWork\" ><div class='avia_textblock av_inherit_color'  itemprop=\"text\" ><h1 style=\"text-align: center;\">NOUS EMBAUCHONS<\/h1>\n<p style=\"text-align: center;\">Vous avez le profil?<br \/>\n<a href=\"mailto:emplois@sette.com\">Soumettez-nous<\/a> votre candidature!<\/p>\n<\/div><\/section>\n<div  class='hr av-fdzcg-f5ee55bc5697b9294fa2e6a125154165 hr-default  avia-builder-el-19  el_after_av_textblock  el_before_av_section  avia-builder-el-last '><span class='hr-inner '><span class=\"hr-inner-style\"><\/span><\/span><\/div>\n<\/div><\/div><\/div><!-- close content main div --><\/div><\/div>\n<style type=\"text\/css\" data-created_by=\"avia_inline_auto\" id=\"style-css-av-kaxzb9up-14a0fc5bf12d0da2a1206d71ea951f26\">\n.avia-section.av-kaxzb9up-14a0fc5bf12d0da2a1206d71ea951f26 .av-parallax .av-parallax-inner{\nbackground-repeat:no-repeat;\nbackground-image:url(https:\/\/sette.com\/wp-content\/uploads\/2020\/06\/head_bur01.jpg);\nbackground-position:50% 50%;\nbackground-attachment:scroll;\n}\n.avia-section.av-kaxzb9up-14a0fc5bf12d0da2a1206d71ea951f26 .av-section-color-overlay{\nopacity:0.5;\nbackground-color:#000000;\n}\n<\/style>\n<div id='av_section_2'  class='avia-section av-kaxzb9up-14a0fc5bf12d0da2a1206d71ea951f26 main_color avia-section-default avia-no-border-styling  avia-builder-el-20  el_after_av_hr  avia-builder-el-last  av-parallax-section avia-bg-style-parallax av-section-color-overlay-active av-minimum-height av-minimum-height-custom av-height-custom  container_wrap sidebar_right'  data-section-bg-repeat='no-repeat' data-av_minimum_height_px='400'><div class='av-parallax' data-avia-parallax-ratio='0.3' ><div class='av-parallax-inner main_color avia-full-stretch'><\/div><\/div><div class=\"av-section-color-overlay-wrap\"><div class=\"av-section-color-overlay\"><\/div><div class='container av-section-cont-open' style='height:400px'><div class='template-page content  av-content-small alpha units'><div class='post-entry post-entry-type-page post-entry-576'><div class='entry-content-wrapper clearfix'>\n\n<style type=\"text\/css\" data-created_by=\"avia_inline_auto\" id=\"style-css-av-kevqbmoh-328d7c851e01893a3d4ff86daef3fbf2\">\n#top .av_textblock_section.av-kevqbmoh-328d7c851e01893a3d4ff86daef3fbf2 .avia_textblock{\ncolor:#ccee09;\n}\n<\/style>\n<section  class='av_textblock_section av-kevqbmoh-328d7c851e01893a3d4ff86daef3fbf2 '   itemscope=\"itemscope\" itemtype=\"https:\/\/schema.org\/CreativeWork\" ><div class='avia_textblock av_inherit_color'  itemprop=\"text\" ><h1 style=\"text-align: center;\">CANDIDATURE SPONTAN\u00c9E<\/h1>\n<\/div><\/section>\n\n<style type=\"text\/css\" data-created_by=\"avia_inline_auto\" id=\"style-css-av-kevqckyi-38711ad8872f8ecc5649541447688565\">\n#top .av_textblock_section.av-kevqckyi-38711ad8872f8ecc5649541447688565 .avia_textblock{\ncolor:#ffffff;\n}\n<\/style>\n<section  class='av_textblock_section av-kevqckyi-38711ad8872f8ecc5649541447688565 '   itemscope=\"itemscope\" itemtype=\"https:\/\/schema.org\/CreativeWork\" ><div class='avia_textblock av_inherit_color'  itemprop=\"text\" ><p style=\"text-align: center;\">Nous sommes toujours \u00e0 la recherche de nouveaux talents\u00a0: r\u00e9dacteurs, techniciens aux op\u00e9rations, narrateurs, etc. Faites-nous part de votre int\u00e9r\u00eat en nous soumettant une candidature spontan\u00e9e.<\/p>\n<\/div><\/section>\n<div  class='avia-button-wrap av-uhh1-5146121416c4596d9977ef7af3f097c3-wrap avia-button-center  avia-builder-el-23  el_after_av_textblock  avia-builder-el-last '>\n<style type=\"text\/css\" data-created_by=\"avia_inline_auto\" id=\"style-css-av-uhh1-5146121416c4596d9977ef7af3f097c3\">\n#top #wrap_all .avia-button.av-uhh1-5146121416c4596d9977ef7af3f097c3{\nbackground-color:#000000;\nborder-color:#000000;\ncolor:#ffffff;\ntransition:all 0.4s ease-in-out;\n}\n#top #wrap_all .avia-button.av-uhh1-5146121416c4596d9977ef7af3f097c3 .avia-svg-icon svg:first-child{\nfill:#ffffff;\nstroke:#ffffff;\n}\n<\/style>\n<a href='mailto:info@sette.com?subject=Job apply'  class='avia-button av-uhh1-5146121416c4596d9977ef7af3f097c3 av-link-btn avia-icon_select-no avia-size-large avia-position-center'   aria-label=\"Contactez-nous\"><span class='avia_iconbox_title' >Contactez-nous<\/span><\/a><\/div>\n<\/div><\/div><\/div><!-- close content main div --><\/div><\/div><\/div><div id='after_section_2'  class='main_color av_default_container_wrap container_wrap sidebar_right'  ><div class='container av-section-cont-open' ><div class='template-page content  av-content-small alpha units'><div class='post-entry post-entry-type-page post-entry-576'><div class='entry-content-wrapper clearfix'>\n","protected":false},"excerpt":{"rendered":"","protected":false},"author":1,"featured_media":0,"parent":0,"menu_order":0,"comment_status":"closed","ping_status":"closed","template":"","meta":{"inline_featured_image":false,"footnotes":""},"class_list":["post-576","page","type-page","status-publish","hentry"],"_links":{"self":[{"href":"https:\/\/sette.com\/fr\/wp-json\/wp\/v2\/pages\/576","targetHints":{"allow":["GET"]}}],"collection":[{"href":"https:\/\/sette.com\/fr\/wp-json\/wp\/v2\/pages"}],"about":[{"href":"https:\/\/sette.com\/fr\/wp-json\/wp\/v2\/types\/page"}],"author":[{"embeddable":true,"href":"https:\/\/sette.com\/fr\/wp-json\/wp\/v2\/users\/1"}],"replies":[{"embeddable":true,"href":"https:\/\/sette.com\/fr\/wp-json\/wp\/v2\/comments?post=576"}],"version-history":[{"count":2,"href":"https:\/\/sette.com\/fr\/wp-json\/wp\/v2\/pages\/576\/revisions"}],"predecessor-version":[{"id":2644,"href":"https:\/\/sette.com\/fr\/wp-json\/wp\/v2\/pages\/576\/revisions\/2644"}],"wp:attachment":[{"href":"https:\/\/sette.com\/fr\/wp-json\/wp\/v2\/media?parent=576"}],"curies":[{"name":"wp","href":"https:\/\/api.w.org\/{rel}","templated":true}]}}