{"id":65,"date":"2020-02-25T15:40:23","date_gmt":"2020-02-25T15:40:23","guid":{"rendered":"https:\/\/sette.com\/?page_id=65"},"modified":"2025-06-04T09:52:54","modified_gmt":"2025-06-04T13:52:54","slug":"contactez-nous","status":"publish","type":"page","link":"https:\/\/sette.com\/fr\/contactez-nous\/","title":{"rendered":"Contactez-nous"},"content":{"rendered":"\n<style type=\"text\/css\" data-created_by=\"avia_inline_auto\" id=\"style-css-av-t74p-59fca7e5454bb546ec84d286355efa03\">\n.avia-section.av-t74p-59fca7e5454bb546ec84d286355efa03{\nbackground-color:#e0e0e0;\nbackground-image:unset;\nmargin-top:0px;\nmargin-bottom:-7px;\n}\n<\/style>\n<div id='av_section_1'  class='avia-section av-t74p-59fca7e5454bb546ec84d286355efa03 main_color avia-section-no-padding avia-no-border-styling  avia-builder-el-0  el_before_av_three_fifth  avia-builder-el-first  avia-bg-style-scroll container_wrap sidebar_right'  ><div class='container av-section-cont-open' ><main  role=\"main\" itemprop=\"mainContentOfPage\"  class='template-page content  av-content-small alpha units'><div class='post-entry post-entry-type-page post-entry-65'><div class='entry-content-wrapper clearfix'>\n\n<\/div><\/div><\/main><!-- close content main element --><\/div><\/div><div id='after_section_1'  class='main_color av_default_container_wrap container_wrap sidebar_right'  ><div class='container av-section-cont-open' ><div class='template-page content  av-content-small alpha units'><div class='post-entry post-entry-type-page post-entry-65'><div class='entry-content-wrapper clearfix'>\n\n<style type=\"text\/css\" data-created_by=\"avia_inline_auto\" id=\"style-css-av-4g0gt-759e6cce384a6cf57fd8c7c79496d6f0\">\n.flex_column.av-4g0gt-759e6cce384a6cf57fd8c7c79496d6f0{\nborder-radius:0px 0px 0px 0px;\npadding:0px 0px 0px 0px;\n}\n<\/style>\n<div  class='flex_column av-4g0gt-759e6cce384a6cf57fd8c7c79496d6f0 av_three_fifth  avia-builder-el-2  el_after_av_section  el_before_av_two_fifth  avia-builder-el-first  first flex_column_div av-zero-column-padding  '     ><form action=\"https:\/\/sette.com\/fr\/contactez-nous\/\" method=\"post\" data-fields-with-error=\"Erreurs trouv\u00e9es dans les champs suivants :\" class=\"avia_ajax_form av-form-labels-visible   avia-builder-el-3  avia-builder-el-no-sibling   \" data-avia-form-id=\"1\" data-avia-redirect='' ><h3 class=''>Contactez-nous<\/h3><fieldset><p class='  first_form  form_element form_fullwidth' id='element_avia_1_1'><label for=\"avia_1_1\">Nom <abbr class=\"required\" title=\"requis(e)\">*<\/abbr><\/label> <input name=\"avia_1_1\" class=\"text_input is_empty\" type=\"text\" id=\"avia_1_1\" value=\"\" \/><\/p><p class='  first_form  form_element form_fullwidth' id='element_avia_2_1'><label for=\"avia_2_1\">Courriel<\/label> <input name=\"avia_2_1\" class=\"text_input \" type=\"text\" id=\"avia_2_1\" value=\"\" \/><\/p><p class='  first_form  form_element form_fullwidth' id='element_avia_3_1'><label for=\"avia_3_1\">Sujet <abbr class=\"required\" title=\"requis(e)\">*<\/abbr><\/label> <input name=\"avia_3_1\" class=\"text_input is_empty\" type=\"text\" id=\"avia_3_1\" value=\"\" \/><\/p><p class='  first_form  form_element form_fullwidth' id='element_avia_4_1'><label for=\"avia_4_1\" class=\"textare_label hidden textare_label_avia_4_1\">Message <abbr class=\"required\" title=\"requis(e)\">*<\/abbr><\/label><textarea  name=\"avia_4_1\" class=\"text_area is_empty\" cols=\"40\" rows=\"7\" id=\"avia_4_1\" ><\/textarea><\/p><p class=\"hidden\"><input type=\"text\" name=\"avia_5_1\" class=\"hidden \" id=\"avia_5_1\" value=\"\" \/><\/p><p class='   form_element form_fullwidth' id='element_avia_6_1'><span class='value_verifier_label'>2 + 6 = ?<\/span><input name=\"avia_6_1_verifier\" type=\"hidden\" id=\"avia_6_1_verifier\" value=\"283517787\"\/><label for=\"avia_6_1\">Merci de prouver que vous \u00eates un humain en donnant le r\u00e9sultat de cette op\u00e9ration <abbr class=\"required\" title=\"requis(e)\">*<\/abbr><\/label><input name=\"avia_6_1\" class=\"text_input captcha\" type=\"text\" id=\"avia_6_1\" value=\"\"\/><\/p><p class=\"form_element \"><input type=\"hidden\" value=\"1\" name=\"avia_generated_form1\" \/><input type=\"submit\" value=\"Envoyer\" class=\"button\"  data-sending-label=\"Envoi\"\/><\/p><\/fieldset><\/form><div id=\"ajaxresponse_1\" class=\"ajaxresponse ajaxresponse_1 hidden\"><\/div><\/div>\n<style type=\"text\/css\" data-created_by=\"avia_inline_auto\" id=\"style-css-av-5ymt-13cea8801031747da3914680c538e95f\">\n.flex_column.av-5ymt-13cea8801031747da3914680c538e95f{\nborder-radius:0px 0px 0px 0px;\npadding:18px 18px 18px 18px;\nbackground-color:#f7f7f7;\n}\n<\/style>\n<div  class='flex_column av-5ymt-13cea8801031747da3914680c538e95f av_two_fifth  avia-builder-el-4  el_after_av_three_fifth  avia-builder-el-last  flex_column_div  '     ><section  class='av_textblock_section av-kfcshoyh-66deba7a303888358429607cb182bfc9 '   itemscope=\"itemscope\" itemtype=\"https:\/\/schema.org\/CreativeWork\" ><div class='avia_textblock'  itemprop=\"text\" ><h3>Heures d&rsquo;ouverture<\/h3>\n<\/div><\/section><br \/>\n<section  class='av_textblock_section av-y7u9-9d798991716176a2e3bcb8dae743e166 '   itemscope=\"itemscope\" itemtype=\"https:\/\/schema.org\/CreativeWork\" ><div class='avia_textblock'  itemprop=\"text\" ><p><strong>Lundi au vendredi :<\/strong> 9h \u00e0 17h<\/p>\n<\/div><\/section><br \/>\n<div  class='hr av-ux8t-b39a880f5ac85ac5451f1802ec65b325 hr-default  avia-builder-el-7  el_after_av_textblock  el_before_av_textblock '><span class='hr-inner '><span class=\"hr-inner-style\"><\/span><\/span><\/div><br \/>\n<section  class='av_textblock_section av-kfcshoyh-66deba7a303888358429607cb182bfc9 '   itemscope=\"itemscope\" itemtype=\"https:\/\/schema.org\/CreativeWork\" ><div class='avia_textblock'  itemprop=\"text\" ><h3>Carri\u00e8re<\/h3>\n<\/div><\/section><br \/>\n<section  class='av_textblock_section av-y7u9-9fc79daaa335d53905bc7f73c78f3148 '   itemscope=\"itemscope\" itemtype=\"https:\/\/schema.org\/CreativeWork\" ><div class='avia_textblock'  itemprop=\"text\" ><div><a href=\"mailto:info@sette.com\"><u>Postulez<\/u><\/a><\/div>\n<\/div><\/section><br \/>\n<div  class='hr av-ux8t-b39a880f5ac85ac5451f1802ec65b325 hr-default  avia-builder-el-10  el_after_av_textblock  el_before_av_textblock '><span class='hr-inner '><span class=\"hr-inner-style\"><\/span><\/span><\/div><br \/>\n<section  class='av_textblock_section av-kfcshoyh-66deba7a303888358429607cb182bfc9 '   itemscope=\"itemscope\" itemtype=\"https:\/\/schema.org\/CreativeWork\" ><div class='avia_textblock'  itemprop=\"text\" ><h3>Notre \u00e9quipe<\/h3>\n<\/div><\/section><br \/>\n<section  class='av_textblock_section av-y7u9-9d798991716176a2e3bcb8dae743e166 '   itemscope=\"itemscope\" itemtype=\"https:\/\/schema.org\/CreativeWork\" ><div class='avia_textblock'  itemprop=\"text\" ><p><a href=\"https:\/\/sette.com\/fr\/sette\/equipe\/\">\u00c9quipe de direction et de gestion<\/a><\/p>\n<\/div><\/section><br \/>\n<div  class='hr av-ux8t-b39a880f5ac85ac5451f1802ec65b325 hr-default  avia-builder-el-13  el_after_av_textblock  el_before_av_textblock '><span class='hr-inner '><span class=\"hr-inner-style\"><\/span><\/span><\/div><br \/>\n<section  class='av_textblock_section av-kfcshoyh-66deba7a303888358429607cb182bfc9 '   itemscope=\"itemscope\" itemtype=\"https:\/\/schema.org\/CreativeWork\" ><div class='avia_textblock'  itemprop=\"text\" ><h3>Contact d&rsquo;urgence hors des heures r\u00e9guli\u00e8res<\/h3>\n<\/div><\/section><br \/>\n<section  class='av_textblock_section av-y7u9-9d798991716176a2e3bcb8dae743e166 '   itemscope=\"itemscope\" itemtype=\"https:\/\/schema.org\/CreativeWork\" ><div class='avia_textblock'  itemprop=\"text\" ><div>514 380-8506<\/div>\n<\/div><\/section><\/p><\/div><\/p>\n","protected":false},"excerpt":{"rendered":"","protected":false},"author":1,"featured_media":0,"parent":0,"menu_order":0,"comment_status":"closed","ping_status":"closed","template":"","meta":{"inline_featured_image":false,"footnotes":""},"class_list":["post-65","page","type-page","status-publish","hentry"],"_links":{"self":[{"href":"https:\/\/sette.com\/fr\/wp-json\/wp\/v2\/pages\/65","targetHints":{"allow":["GET"]}}],"collection":[{"href":"https:\/\/sette.com\/fr\/wp-json\/wp\/v2\/pages"}],"about":[{"href":"https:\/\/sette.com\/fr\/wp-json\/wp\/v2\/types\/page"}],"author":[{"embeddable":true,"href":"https:\/\/sette.com\/fr\/wp-json\/wp\/v2\/users\/1"}],"replies":[{"embeddable":true,"href":"https:\/\/sette.com\/fr\/wp-json\/wp\/v2\/comments?post=65"}],"version-history":[{"count":2,"href":"https:\/\/sette.com\/fr\/wp-json\/wp\/v2\/pages\/65\/revisions"}],"predecessor-version":[{"id":2723,"href":"https:\/\/sette.com\/fr\/wp-json\/wp\/v2\/pages\/65\/revisions\/2723"}],"wp:attachment":[{"href":"https:\/\/sette.com\/fr\/wp-json\/wp\/v2\/media?parent=65"}],"curies":[{"name":"wp","href":"https:\/\/api.w.org\/{rel}","templated":true}]}}